{"id":2528,"date":"2021-07-16T07:23:56","date_gmt":"2021-07-16T07:23:56","guid":{"rendered":"https:\/\/www.mannaom.com\/traction-gas-spring-ended-with-thread\/"},"modified":"2026-01-16T13:20:02","modified_gmt":"2026-01-16T13:20:02","slug":"tazne-plynove-vzpery-ukoncene-zavitmi-m8","status":"publish","type":"page","link":"https:\/\/www.mannaom.com\/sk\/tazne-plynove-vzpery-ukoncene-zavitmi-m8\/","title":{"rendered":"\u0164a\u017en\u00e9 plynov\u00e9 vzpery ukon\u010den\u00e9 z\u00e1vitmi M8"},"content":{"rendered":"","protected":false},"excerpt":{"rendered":"","protected":false},"author":2,"featured_media":0,"parent":0,"menu_order":0,"comment_status":"closed","ping_status":"closed","template":"","meta":{"footnotes":""},"class_list":["post-2528","page","type-page","status-publish","hentry"],"_links":{"self":[{"href":"https:\/\/www.mannaom.com\/sk\/wp-json\/wp\/v2\/pages\/2528","targetHints":{"allow":["GET"]}}],"collection":[{"href":"https:\/\/www.mannaom.com\/sk\/wp-json\/wp\/v2\/pages"}],"about":[{"href":"https:\/\/www.mannaom.com\/sk\/wp-json\/wp\/v2\/types\/page"}],"author":[{"embeddable":true,"href":"https:\/\/www.mannaom.com\/sk\/wp-json\/wp\/v2\/users\/2"}],"replies":[{"embeddable":true,"href":"https:\/\/www.mannaom.com\/sk\/wp-json\/wp\/v2\/comments?post=2528"}],"version-history":[{"count":1,"href":"https:\/\/www.mannaom.com\/sk\/wp-json\/wp\/v2\/pages\/2528\/revisions"}],"predecessor-version":[{"id":2530,"href":"https:\/\/www.mannaom.com\/sk\/wp-json\/wp\/v2\/pages\/2528\/revisions\/2530"}],"wp:attachment":[{"href":"https:\/\/www.mannaom.com\/sk\/wp-json\/wp\/v2\/media?parent=2528"}],"curies":[{"name":"wp","href":"https:\/\/api.w.org\/{rel}","templated":true}]}}