{"id":2511,"date":"2021-07-16T07:21:02","date_gmt":"2021-07-16T07:21:02","guid":{"rendered":"https:\/\/www.mannaom.com\/gas-spring-with-threads-diameter-o14-27-up-to-2100n-thread-m8-m10\/"},"modified":"2026-01-16T13:06:17","modified_gmt":"2026-01-16T13:06:17","slug":"plynove-vzpery-ukoncene-zavitmi-m8-priemer-o14-28-mm-tlakovane-do-2500n","status":"publish","type":"page","link":"https:\/\/www.mannaom.com\/sk\/plynove-vzpery-ukoncene-zavitmi-m8-priemer-o14-28-mm-tlakovane-do-2500n\/","title":{"rendered":"Plynov\u00e9 vzpery ukon\u010den\u00e9 z\u00e1vitmi M8 \u2013 priemer \u00f814-28 mm, tlakovan\u00e9 do 2500N"},"content":{"rendered":"","protected":false},"excerpt":{"rendered":"","protected":false},"author":2,"featured_media":0,"parent":0,"menu_order":0,"comment_status":"closed","ping_status":"closed","template":"","meta":{"footnotes":""},"class_list":["post-2511","page","type-page","status-publish","hentry"],"_links":{"self":[{"href":"https:\/\/www.mannaom.com\/sk\/wp-json\/wp\/v2\/pages\/2511","targetHints":{"allow":["GET"]}}],"collection":[{"href":"https:\/\/www.mannaom.com\/sk\/wp-json\/wp\/v2\/pages"}],"about":[{"href":"https:\/\/www.mannaom.com\/sk\/wp-json\/wp\/v2\/types\/page"}],"author":[{"embeddable":true,"href":"https:\/\/www.mannaom.com\/sk\/wp-json\/wp\/v2\/users\/2"}],"replies":[{"embeddable":true,"href":"https:\/\/www.mannaom.com\/sk\/wp-json\/wp\/v2\/comments?post=2511"}],"version-history":[{"count":4,"href":"https:\/\/www.mannaom.com\/sk\/wp-json\/wp\/v2\/pages\/2511\/revisions"}],"predecessor-version":[{"id":3146,"href":"https:\/\/www.mannaom.com\/sk\/wp-json\/wp\/v2\/pages\/2511\/revisions\/3146"}],"wp:attachment":[{"href":"https:\/\/www.mannaom.com\/sk\/wp-json\/wp\/v2\/media?parent=2511"}],"curies":[{"name":"wp","href":"https:\/\/api.w.org\/{rel}","templated":true}]}}