{"id":2507,"date":"2021-07-16T07:20:14","date_gmt":"2021-07-16T07:20:14","guid":{"rendered":"https:\/\/www.mannaom.com\/gas-spring-with-threads-diameter-o10-21-up-to-1150n-thread-m8\/"},"modified":"2026-01-16T13:02:41","modified_gmt":"2026-01-16T13:02:41","slug":"plynove-vzpery-ukoncene-zavitmi-m8-priemer-o10-22-mm-tlakovane-do-1250n","status":"publish","type":"page","link":"https:\/\/www.mannaom.com\/sk\/plynove-vzpery-ukoncene-zavitmi-m8-priemer-o10-22-mm-tlakovane-do-1250n\/","title":{"rendered":"Plynov\u00e9 vzpery ukon\u010den\u00e9 z\u00e1vitmi M8 \u2013 priemer \u00f810-22 mm, tlakovan\u00e9 do 1250N"},"content":{"rendered":"","protected":false},"excerpt":{"rendered":"","protected":false},"author":2,"featured_media":0,"parent":0,"menu_order":0,"comment_status":"closed","ping_status":"closed","template":"","meta":{"footnotes":""},"class_list":["post-2507","page","type-page","status-publish","hentry"],"_links":{"self":[{"href":"https:\/\/www.mannaom.com\/sk\/wp-json\/wp\/v2\/pages\/2507","targetHints":{"allow":["GET"]}}],"collection":[{"href":"https:\/\/www.mannaom.com\/sk\/wp-json\/wp\/v2\/pages"}],"about":[{"href":"https:\/\/www.mannaom.com\/sk\/wp-json\/wp\/v2\/types\/page"}],"author":[{"embeddable":true,"href":"https:\/\/www.mannaom.com\/sk\/wp-json\/wp\/v2\/users\/2"}],"replies":[{"embeddable":true,"href":"https:\/\/www.mannaom.com\/sk\/wp-json\/wp\/v2\/comments?post=2507"}],"version-history":[{"count":4,"href":"https:\/\/www.mannaom.com\/sk\/wp-json\/wp\/v2\/pages\/2507\/revisions"}],"predecessor-version":[{"id":3141,"href":"https:\/\/www.mannaom.com\/sk\/wp-json\/wp\/v2\/pages\/2507\/revisions\/3141"}],"wp:attachment":[{"href":"https:\/\/www.mannaom.com\/sk\/wp-json\/wp\/v2\/media?parent=2507"}],"curies":[{"name":"wp","href":"https:\/\/api.w.org\/{rel}","templated":true}]}}