{"id":2499,"date":"2021-07-15T07:37:19","date_gmt":"2021-07-15T07:37:19","guid":{"rendered":"https:\/\/www.mannaom.com\/gas-spring-with-threads-diameter-o6-15-up-to-400n-thread-m6\/"},"modified":"2026-01-16T12:26:56","modified_gmt":"2026-01-16T12:26:56","slug":"plynove-vzpery-ukoncene-zavitmi-m6-priemer-o6-15-mm-tlakovane-do-400n","status":"publish","type":"page","link":"https:\/\/www.mannaom.com\/sk\/plynove-vzpery-ukoncene-zavitmi-m6-priemer-o6-15-mm-tlakovane-do-400n\/","title":{"rendered":"Plynov\u00e9 vzpery ukon\u010den\u00e9 z\u00e1vitmi M6 \u2013 priemer \u00f86-15 mm, tlakovan\u00e9 do 400N"},"content":{"rendered":"","protected":false},"excerpt":{"rendered":"","protected":false},"author":2,"featured_media":0,"parent":0,"menu_order":0,"comment_status":"closed","ping_status":"closed","template":"","meta":{"footnotes":""},"class_list":["post-2499","page","type-page","status-publish","hentry"],"_links":{"self":[{"href":"https:\/\/www.mannaom.com\/sk\/wp-json\/wp\/v2\/pages\/2499","targetHints":{"allow":["GET"]}}],"collection":[{"href":"https:\/\/www.mannaom.com\/sk\/wp-json\/wp\/v2\/pages"}],"about":[{"href":"https:\/\/www.mannaom.com\/sk\/wp-json\/wp\/v2\/types\/page"}],"author":[{"embeddable":true,"href":"https:\/\/www.mannaom.com\/sk\/wp-json\/wp\/v2\/users\/2"}],"replies":[{"embeddable":true,"href":"https:\/\/www.mannaom.com\/sk\/wp-json\/wp\/v2\/comments?post=2499"}],"version-history":[{"count":3,"href":"https:\/\/www.mannaom.com\/sk\/wp-json\/wp\/v2\/pages\/2499\/revisions"}],"predecessor-version":[{"id":2521,"href":"https:\/\/www.mannaom.com\/sk\/wp-json\/wp\/v2\/pages\/2499\/revisions\/2521"}],"wp:attachment":[{"href":"https:\/\/www.mannaom.com\/sk\/wp-json\/wp\/v2\/media?parent=2499"}],"curies":[{"name":"wp","href":"https:\/\/api.w.org\/{rel}","templated":true}]}}