{"id":3314,"date":"2026-01-16T13:54:06","date_gmt":"2026-01-16T13:54:06","guid":{"rendered":"https:\/\/www.mannaom.com\/plynove-vzpery-nerezove-ukoncene-zavitmi-m8-priemer-o8-18-mm-tlakovane-do-650n\/"},"modified":"2026-01-28T09:52:44","modified_gmt":"2026-01-28T09:52:44","slug":"plynove-vzpery-nerezove-ukoncene-zavity-m8-prumer-o8-18-mm-tlakovane-do-650n","status":"publish","type":"page","link":"https:\/\/www.mannaom.com\/cz\/plynove-vzpery-nerezove-ukoncene-zavity-m8-prumer-o8-18-mm-tlakovane-do-650n\/","title":{"rendered":"Plynov\u00e9 vzp\u011bry nerezov\u00e9 ukon\u010den\u00e9 z\u00e1vity M8 \u2013 pr\u016fm\u011br \u00f88-18 mm, tlakovan\u00e9 do 650N"},"content":{"rendered":"","protected":false},"excerpt":{"rendered":"","protected":false},"author":2,"featured_media":0,"parent":0,"menu_order":0,"comment_status":"closed","ping_status":"closed","template":"","meta":{"footnotes":""},"class_list":["post-3314","page","type-page","status-publish","hentry"],"_links":{"self":[{"href":"https:\/\/www.mannaom.com\/cz\/wp-json\/wp\/v2\/pages\/3314","targetHints":{"allow":["GET"]}}],"collection":[{"href":"https:\/\/www.mannaom.com\/cz\/wp-json\/wp\/v2\/pages"}],"about":[{"href":"https:\/\/www.mannaom.com\/cz\/wp-json\/wp\/v2\/types\/page"}],"author":[{"embeddable":true,"href":"https:\/\/www.mannaom.com\/cz\/wp-json\/wp\/v2\/users\/2"}],"replies":[{"embeddable":true,"href":"https:\/\/www.mannaom.com\/cz\/wp-json\/wp\/v2\/comments?post=3314"}],"version-history":[{"count":2,"href":"https:\/\/www.mannaom.com\/cz\/wp-json\/wp\/v2\/pages\/3314\/revisions"}],"predecessor-version":[{"id":3316,"href":"https:\/\/www.mannaom.com\/cz\/wp-json\/wp\/v2\/pages\/3314\/revisions\/3316"}],"wp:attachment":[{"href":"https:\/\/www.mannaom.com\/cz\/wp-json\/wp\/v2\/media?parent=3314"}],"curies":[{"name":"wp","href":"https:\/\/api.w.org\/{rel}","templated":true}]}}