{"id":3308,"date":"2026-01-16T14:08:52","date_gmt":"2026-01-16T14:08:52","guid":{"rendered":"https:\/\/www.mannaom.com\/plynove-vzpery-nerezove-ukoncene-zavitmi-m8-priemer-o10-22-mm-tlakovane-do-1000n\/"},"modified":"2026-01-28T09:47:20","modified_gmt":"2026-01-28T09:47:20","slug":"plynove-vzpery-nerezove-ukoncene-zavity-m8-prumer-o10-22-mm-tlakovane-do-1000n","status":"publish","type":"page","link":"https:\/\/www.mannaom.com\/cz\/plynove-vzpery-nerezove-ukoncene-zavity-m8-prumer-o10-22-mm-tlakovane-do-1000n\/","title":{"rendered":"Plynov\u00e9 vzp\u011bry nerezov\u00e9 ukon\u010den\u00e9 z\u00e1vity M8 \u2013 pr\u016fm\u011br \u00f810-22 mm, tlakovan\u00e9 do 1000N"},"content":{"rendered":"","protected":false},"excerpt":{"rendered":"","protected":false},"author":2,"featured_media":0,"parent":0,"menu_order":0,"comment_status":"closed","ping_status":"closed","template":"","meta":{"footnotes":""},"class_list":["post-3308","page","type-page","status-publish","hentry"],"_links":{"self":[{"href":"https:\/\/www.mannaom.com\/cz\/wp-json\/wp\/v2\/pages\/3308","targetHints":{"allow":["GET"]}}],"collection":[{"href":"https:\/\/www.mannaom.com\/cz\/wp-json\/wp\/v2\/pages"}],"about":[{"href":"https:\/\/www.mannaom.com\/cz\/wp-json\/wp\/v2\/types\/page"}],"author":[{"embeddable":true,"href":"https:\/\/www.mannaom.com\/cz\/wp-json\/wp\/v2\/users\/2"}],"replies":[{"embeddable":true,"href":"https:\/\/www.mannaom.com\/cz\/wp-json\/wp\/v2\/comments?post=3308"}],"version-history":[{"count":1,"href":"https:\/\/www.mannaom.com\/cz\/wp-json\/wp\/v2\/pages\/3308\/revisions"}],"predecessor-version":[{"id":3309,"href":"https:\/\/www.mannaom.com\/cz\/wp-json\/wp\/v2\/pages\/3308\/revisions\/3309"}],"wp:attachment":[{"href":"https:\/\/www.mannaom.com\/cz\/wp-json\/wp\/v2\/media?parent=3308"}],"curies":[{"name":"wp","href":"https:\/\/api.w.org\/{rel}","templated":true}]}}