{"id":3298,"date":"2026-01-16T14:49:09","date_gmt":"2026-01-16T14:49:09","guid":{"rendered":"https:\/\/www.mannaom.com\/plynove-vzpery-ukoncene-zavitmi-m8-priemer-o8-18-mm-tlakovane-do-750n\/"},"modified":"2026-01-28T09:18:42","modified_gmt":"2026-01-28T09:18:42","slug":"plynove-vzpery-ukoncene-zavity-m8-prumer-o8-18-mm-tlakovane-do-750n","status":"publish","type":"page","link":"https:\/\/www.mannaom.com\/cz\/plynove-vzpery-ukoncene-zavity-m8-prumer-o8-18-mm-tlakovane-do-750n\/","title":{"rendered":"Plynov\u00e9 vzp\u011bry ukon\u010den\u00e9 z\u00e1vity M8 \u2013 pr\u016fm\u011br \u00f88-18 mm, tlakovan\u00e9 do 750N"},"content":{"rendered":"","protected":false},"excerpt":{"rendered":"","protected":false},"author":2,"featured_media":0,"parent":0,"menu_order":0,"comment_status":"closed","ping_status":"closed","template":"","meta":{"footnotes":""},"class_list":["post-3298","page","type-page","status-publish","hentry"],"_links":{"self":[{"href":"https:\/\/www.mannaom.com\/cz\/wp-json\/wp\/v2\/pages\/3298","targetHints":{"allow":["GET"]}}],"collection":[{"href":"https:\/\/www.mannaom.com\/cz\/wp-json\/wp\/v2\/pages"}],"about":[{"href":"https:\/\/www.mannaom.com\/cz\/wp-json\/wp\/v2\/types\/page"}],"author":[{"embeddable":true,"href":"https:\/\/www.mannaom.com\/cz\/wp-json\/wp\/v2\/users\/2"}],"replies":[{"embeddable":true,"href":"https:\/\/www.mannaom.com\/cz\/wp-json\/wp\/v2\/comments?post=3298"}],"version-history":[{"count":2,"href":"https:\/\/www.mannaom.com\/cz\/wp-json\/wp\/v2\/pages\/3298\/revisions"}],"predecessor-version":[{"id":3300,"href":"https:\/\/www.mannaom.com\/cz\/wp-json\/wp\/v2\/pages\/3298\/revisions\/3300"}],"wp:attachment":[{"href":"https:\/\/www.mannaom.com\/cz\/wp-json\/wp\/v2\/media?parent=3298"}],"curies":[{"name":"wp","href":"https:\/\/api.w.org\/{rel}","templated":true}]}}