{"id":3293,"date":"2026-01-28T08:30:35","date_gmt":"2026-01-28T08:30:35","guid":{"rendered":"https:\/\/www.mannaom.com\/?page_id=3293"},"modified":"2026-01-28T08:30:35","modified_gmt":"2026-01-28T08:30:35","slug":"plynove-vzpery-ukoncene-zavity-m5-prumer-o6-15-mm-tlakovane-do-400n","status":"publish","type":"page","link":"https:\/\/www.mannaom.com\/cz\/plynove-vzpery-ukoncene-zavity-m5-prumer-o6-15-mm-tlakovane-do-400n\/","title":{"rendered":"Plynov\u00e9 vzp\u011bry ukon\u010den\u00e9 z\u00e1vity M5 \u2013 pr\u016fm\u011br \u00f86-15 mm, tlakovan\u00e9 do 400N"},"content":{"rendered":"","protected":false},"excerpt":{"rendered":"","protected":false},"author":2,"featured_media":0,"parent":0,"menu_order":0,"comment_status":"closed","ping_status":"closed","template":"","meta":{"footnotes":""},"class_list":["post-3293","page","type-page","status-publish","hentry"],"_links":{"self":[{"href":"https:\/\/www.mannaom.com\/cz\/wp-json\/wp\/v2\/pages\/3293","targetHints":{"allow":["GET"]}}],"collection":[{"href":"https:\/\/www.mannaom.com\/cz\/wp-json\/wp\/v2\/pages"}],"about":[{"href":"https:\/\/www.mannaom.com\/cz\/wp-json\/wp\/v2\/types\/page"}],"author":[{"embeddable":true,"href":"https:\/\/www.mannaom.com\/cz\/wp-json\/wp\/v2\/users\/2"}],"replies":[{"embeddable":true,"href":"https:\/\/www.mannaom.com\/cz\/wp-json\/wp\/v2\/comments?post=3293"}],"version-history":[{"count":1,"href":"https:\/\/www.mannaom.com\/cz\/wp-json\/wp\/v2\/pages\/3293\/revisions"}],"predecessor-version":[{"id":3294,"href":"https:\/\/www.mannaom.com\/cz\/wp-json\/wp\/v2\/pages\/3293\/revisions\/3294"}],"wp:attachment":[{"href":"https:\/\/www.mannaom.com\/cz\/wp-json\/wp\/v2\/media?parent=3293"}],"curies":[{"name":"wp","href":"https:\/\/api.w.org\/{rel}","templated":true}]}}