{"id":3076,"date":"2021-07-26T04:33:07","date_gmt":"2021-07-26T04:33:07","guid":{"rendered":"https:\/\/www.mannaom.com\/nerezove-koncovky-a-prislusenstvo\/"},"modified":"2025-12-16T11:35:48","modified_gmt":"2025-12-16T11:35:48","slug":"nerezove-koncovky-a-prislusenstvi","status":"publish","type":"page","link":"https:\/\/www.mannaom.com\/cz\/nerezove-koncovky-a-prislusenstvi\/","title":{"rendered":"Nerezov\u00e9 koncovky a p\u0159\u00edslu\u0161enstv\u00ed"},"content":{"rendered":"","protected":false},"excerpt":{"rendered":"","protected":false},"author":2,"featured_media":0,"parent":0,"menu_order":0,"comment_status":"closed","ping_status":"closed","template":"","meta":{"footnotes":""},"class_list":["post-3076","page","type-page","status-publish","hentry"],"_links":{"self":[{"href":"https:\/\/www.mannaom.com\/cz\/wp-json\/wp\/v2\/pages\/3076","targetHints":{"allow":["GET"]}}],"collection":[{"href":"https:\/\/www.mannaom.com\/cz\/wp-json\/wp\/v2\/pages"}],"about":[{"href":"https:\/\/www.mannaom.com\/cz\/wp-json\/wp\/v2\/types\/page"}],"author":[{"embeddable":true,"href":"https:\/\/www.mannaom.com\/cz\/wp-json\/wp\/v2\/users\/2"}],"replies":[{"embeddable":true,"href":"https:\/\/www.mannaom.com\/cz\/wp-json\/wp\/v2\/comments?post=3076"}],"version-history":[{"count":1,"href":"https:\/\/www.mannaom.com\/cz\/wp-json\/wp\/v2\/pages\/3076\/revisions"}],"predecessor-version":[{"id":3078,"href":"https:\/\/www.mannaom.com\/cz\/wp-json\/wp\/v2\/pages\/3076\/revisions\/3078"}],"wp:attachment":[{"href":"https:\/\/www.mannaom.com\/cz\/wp-json\/wp\/v2\/media?parent=3076"}],"curies":[{"name":"wp","href":"https:\/\/api.w.org\/{rel}","templated":true}]}}