{"id":2917,"date":"2024-08-20T13:52:28","date_gmt":"2024-08-20T13:52:28","guid":{"rendered":"https:\/\/www.mannaom.com\/plynove-vzpery-ukoncene-zavitmi-m10-priemer-o14-27-mm-tlakovane-do-2400n\/"},"modified":"2026-01-28T09:36:24","modified_gmt":"2026-01-28T09:36:24","slug":"plynove-vzpery-ukoncene-zavity-m10-prumer-o14-28-mm-tlakovane-do-2500n","status":"publish","type":"page","link":"https:\/\/www.mannaom.com\/cz\/plynove-vzpery-ukoncene-zavity-m10-prumer-o14-28-mm-tlakovane-do-2500n\/","title":{"rendered":"Plynov\u00e9 vzp\u011bry ukon\u010den\u00e9 z\u00e1vity M10 \u2013 pr\u016fm\u011br \u00f814-28 mm, tlakovan\u00e9 do 2500N"},"content":{"rendered":"","protected":false},"excerpt":{"rendered":"","protected":false},"author":2,"featured_media":0,"parent":0,"menu_order":0,"comment_status":"closed","ping_status":"closed","template":"","meta":{"footnotes":""},"class_list":["post-2917","page","type-page","status-publish","hentry"],"_links":{"self":[{"href":"https:\/\/www.mannaom.com\/cz\/wp-json\/wp\/v2\/pages\/2917","targetHints":{"allow":["GET"]}}],"collection":[{"href":"https:\/\/www.mannaom.com\/cz\/wp-json\/wp\/v2\/pages"}],"about":[{"href":"https:\/\/www.mannaom.com\/cz\/wp-json\/wp\/v2\/types\/page"}],"author":[{"embeddable":true,"href":"https:\/\/www.mannaom.com\/cz\/wp-json\/wp\/v2\/users\/2"}],"replies":[{"embeddable":true,"href":"https:\/\/www.mannaom.com\/cz\/wp-json\/wp\/v2\/comments?post=2917"}],"version-history":[{"count":3,"href":"https:\/\/www.mannaom.com\/cz\/wp-json\/wp\/v2\/pages\/2917\/revisions"}],"predecessor-version":[{"id":3304,"href":"https:\/\/www.mannaom.com\/cz\/wp-json\/wp\/v2\/pages\/2917\/revisions\/3304"}],"wp:attachment":[{"href":"https:\/\/www.mannaom.com\/cz\/wp-json\/wp\/v2\/media?parent=2917"}],"curies":[{"name":"wp","href":"https:\/\/api.w.org\/{rel}","templated":true}]}}