{"id":2806,"date":"2021-07-16T07:23:56","date_gmt":"2021-07-16T07:23:56","guid":{"rendered":"https:\/\/www.mannaom.com\/tazne-plynove-vzpery-ukoncene-zavitmi-m8\/"},"modified":"2026-01-28T09:43:43","modified_gmt":"2026-01-28T09:43:43","slug":"tazne-plynove-vzpery-ukoncene-zavity-m8","status":"publish","type":"page","link":"https:\/\/www.mannaom.com\/cz\/tazne-plynove-vzpery-ukoncene-zavity-m8\/","title":{"rendered":"Ta\u017en\u00e9 plynov\u00e9 vzp\u011bry ukon\u010den\u00e9 z\u00e1vity M8"},"content":{"rendered":"","protected":false},"excerpt":{"rendered":"","protected":false},"author":2,"featured_media":0,"parent":0,"menu_order":0,"comment_status":"closed","ping_status":"closed","template":"","meta":{"footnotes":""},"class_list":["post-2806","page","type-page","status-publish","hentry"],"_links":{"self":[{"href":"https:\/\/www.mannaom.com\/cz\/wp-json\/wp\/v2\/pages\/2806","targetHints":{"allow":["GET"]}}],"collection":[{"href":"https:\/\/www.mannaom.com\/cz\/wp-json\/wp\/v2\/pages"}],"about":[{"href":"https:\/\/www.mannaom.com\/cz\/wp-json\/wp\/v2\/types\/page"}],"author":[{"embeddable":true,"href":"https:\/\/www.mannaom.com\/cz\/wp-json\/wp\/v2\/users\/2"}],"replies":[{"embeddable":true,"href":"https:\/\/www.mannaom.com\/cz\/wp-json\/wp\/v2\/comments?post=2806"}],"version-history":[{"count":2,"href":"https:\/\/www.mannaom.com\/cz\/wp-json\/wp\/v2\/pages\/2806\/revisions"}],"predecessor-version":[{"id":3306,"href":"https:\/\/www.mannaom.com\/cz\/wp-json\/wp\/v2\/pages\/2806\/revisions\/3306"}],"wp:attachment":[{"href":"https:\/\/www.mannaom.com\/cz\/wp-json\/wp\/v2\/media?parent=2806"}],"curies":[{"name":"wp","href":"https:\/\/api.w.org\/{rel}","templated":true}]}}