{"id":2796,"date":"2021-07-16T07:20:14","date_gmt":"2021-07-16T07:20:14","guid":{"rendered":"https:\/\/www.mannaom.com\/plynove-vzpery-ukoncene-zavitmi-m8-priemer-o10-21-mm-tlakovane-do-1150n\/"},"modified":"2026-01-28T09:29:11","modified_gmt":"2026-01-28T09:29:11","slug":"plynove-vzpery-ukoncene-zavity-m8-prumer-o10-22-mm-tlakovane-do-1250n","status":"publish","type":"page","link":"https:\/\/www.mannaom.com\/cz\/plynove-vzpery-ukoncene-zavity-m8-prumer-o10-22-mm-tlakovane-do-1250n\/","title":{"rendered":"Plynov\u00e9 vzp\u011bry ukon\u010den\u00e9 z\u00e1vity M8 \u2013 pr\u016fm\u011br \u00f810-22 mm, tlakovan\u00e9 do 1250N"},"content":{"rendered":"","protected":false},"excerpt":{"rendered":"","protected":false},"author":2,"featured_media":0,"parent":0,"menu_order":0,"comment_status":"closed","ping_status":"closed","template":"","meta":{"footnotes":""},"class_list":["post-2796","page","type-page","status-publish","hentry"],"_links":{"self":[{"href":"https:\/\/www.mannaom.com\/cz\/wp-json\/wp\/v2\/pages\/2796","targetHints":{"allow":["GET"]}}],"collection":[{"href":"https:\/\/www.mannaom.com\/cz\/wp-json\/wp\/v2\/pages"}],"about":[{"href":"https:\/\/www.mannaom.com\/cz\/wp-json\/wp\/v2\/types\/page"}],"author":[{"embeddable":true,"href":"https:\/\/www.mannaom.com\/cz\/wp-json\/wp\/v2\/users\/2"}],"replies":[{"embeddable":true,"href":"https:\/\/www.mannaom.com\/cz\/wp-json\/wp\/v2\/comments?post=2796"}],"version-history":[{"count":3,"href":"https:\/\/www.mannaom.com\/cz\/wp-json\/wp\/v2\/pages\/2796\/revisions"}],"predecessor-version":[{"id":3301,"href":"https:\/\/www.mannaom.com\/cz\/wp-json\/wp\/v2\/pages\/2796\/revisions\/3301"}],"wp:attachment":[{"href":"https:\/\/www.mannaom.com\/cz\/wp-json\/wp\/v2\/media?parent=2796"}],"curies":[{"name":"wp","href":"https:\/\/api.w.org\/{rel}","templated":true}]}}