{"id":2792,"date":"2021-07-16T07:09:38","date_gmt":"2021-07-16T07:09:38","guid":{"rendered":"https:\/\/www.mannaom.com\/plynove-vzpery-ukoncene-zavitmi-m6-priemer-o8-18-mm-tlakovane-do-750n\/"},"modified":"2026-01-28T08:40:48","modified_gmt":"2026-01-28T08:40:48","slug":"plynove-vzpery-ukoncene-zavitmi-m6-priemer-o8-18-mm-tlakovane-do-750n","status":"publish","type":"page","link":"https:\/\/www.mannaom.com\/cz\/plynove-vzpery-ukoncene-zavitmi-m6-priemer-o8-18-mm-tlakovane-do-750n\/","title":{"rendered":"Plynov\u00e9 vzpery ukon\u010den\u00e9 z\u00e1vitmi M6 \u2013 priemer \u00f88-18 mm, tlakovan\u00e9 do 750N"},"content":{"rendered":"","protected":false},"excerpt":{"rendered":"","protected":false},"author":2,"featured_media":0,"parent":0,"menu_order":0,"comment_status":"closed","ping_status":"closed","template":"","meta":{"footnotes":""},"class_list":["post-2792","page","type-page","status-publish","hentry"],"_links":{"self":[{"href":"https:\/\/www.mannaom.com\/cz\/wp-json\/wp\/v2\/pages\/2792","targetHints":{"allow":["GET"]}}],"collection":[{"href":"https:\/\/www.mannaom.com\/cz\/wp-json\/wp\/v2\/pages"}],"about":[{"href":"https:\/\/www.mannaom.com\/cz\/wp-json\/wp\/v2\/types\/page"}],"author":[{"embeddable":true,"href":"https:\/\/www.mannaom.com\/cz\/wp-json\/wp\/v2\/users\/2"}],"replies":[{"embeddable":true,"href":"https:\/\/www.mannaom.com\/cz\/wp-json\/wp\/v2\/comments?post=2792"}],"version-history":[{"count":1,"href":"https:\/\/www.mannaom.com\/cz\/wp-json\/wp\/v2\/pages\/2792\/revisions"}],"predecessor-version":[{"id":2794,"href":"https:\/\/www.mannaom.com\/cz\/wp-json\/wp\/v2\/pages\/2792\/revisions\/2794"}],"wp:attachment":[{"href":"https:\/\/www.mannaom.com\/cz\/wp-json\/wp\/v2\/media?parent=2792"}],"curies":[{"name":"wp","href":"https:\/\/api.w.org\/{rel}","templated":true}]}}