{"id":2788,"date":"2021-07-15T07:37:19","date_gmt":"2021-07-15T07:37:19","guid":{"rendered":"https:\/\/www.mannaom.com\/plynove-vzpery-ukoncene-zavitmi-m6-priemer-o6-15-mm-tlakovane-do-400n\/"},"modified":"2026-01-28T08:38:15","modified_gmt":"2026-01-28T08:38:15","slug":"plynove-vzpery-ukoncene-zavity-m6-prumer-o6-15-mm-tlakovane-do-400n","status":"publish","type":"page","link":"https:\/\/www.mannaom.com\/cz\/plynove-vzpery-ukoncene-zavity-m6-prumer-o6-15-mm-tlakovane-do-400n\/","title":{"rendered":"Plynov\u00e9 vzp\u011bry ukon\u010den\u00e9 z\u00e1vity M6 \u2013 pr\u016fm\u011br \u00f86-15 mm, tlakovan\u00e9 do 400N"},"content":{"rendered":"","protected":false},"excerpt":{"rendered":"","protected":false},"author":2,"featured_media":0,"parent":0,"menu_order":0,"comment_status":"closed","ping_status":"closed","template":"","meta":{"footnotes":""},"class_list":["post-2788","page","type-page","status-publish","hentry"],"_links":{"self":[{"href":"https:\/\/www.mannaom.com\/cz\/wp-json\/wp\/v2\/pages\/2788","targetHints":{"allow":["GET"]}}],"collection":[{"href":"https:\/\/www.mannaom.com\/cz\/wp-json\/wp\/v2\/pages"}],"about":[{"href":"https:\/\/www.mannaom.com\/cz\/wp-json\/wp\/v2\/types\/page"}],"author":[{"embeddable":true,"href":"https:\/\/www.mannaom.com\/cz\/wp-json\/wp\/v2\/users\/2"}],"replies":[{"embeddable":true,"href":"https:\/\/www.mannaom.com\/cz\/wp-json\/wp\/v2\/comments?post=2788"}],"version-history":[{"count":1,"href":"https:\/\/www.mannaom.com\/cz\/wp-json\/wp\/v2\/pages\/2788\/revisions"}],"predecessor-version":[{"id":2790,"href":"https:\/\/www.mannaom.com\/cz\/wp-json\/wp\/v2\/pages\/2788\/revisions\/2790"}],"wp:attachment":[{"href":"https:\/\/www.mannaom.com\/cz\/wp-json\/wp\/v2\/media?parent=2788"}],"curies":[{"name":"wp","href":"https:\/\/api.w.org\/{rel}","templated":true}]}}