{"id":2783,"date":"2021-07-16T07:21:53","date_gmt":"2021-07-16T07:21:53","guid":{"rendered":"https:\/\/www.mannaom.com\/plynove-vzpery-ukoncene-zavitmi-m14-priemer-o20-40-mm-tlakovane-do-5200n\/"},"modified":"2026-01-28T09:40:27","modified_gmt":"2026-01-28T09:40:27","slug":"plynove-vzpery-ukoncene-zavity-m14-prumer-o20-40-mm-tlakovane-do-5000n","status":"publish","type":"page","link":"https:\/\/www.mannaom.com\/cz\/plynove-vzpery-ukoncene-zavity-m14-prumer-o20-40-mm-tlakovane-do-5000n\/","title":{"rendered":"Plynov\u00e9 vzp\u011bry ukon\u010den\u00e9 z\u00e1vity M14 \u2013 pr\u016fm\u011br \u00f820-40 mm, tlakovan\u00e9 do 5000N"},"content":{"rendered":"","protected":false},"excerpt":{"rendered":"","protected":false},"author":2,"featured_media":0,"parent":0,"menu_order":0,"comment_status":"closed","ping_status":"closed","template":"","meta":{"footnotes":""},"class_list":["post-2783","page","type-page","status-publish","hentry"],"_links":{"self":[{"href":"https:\/\/www.mannaom.com\/cz\/wp-json\/wp\/v2\/pages\/2783","targetHints":{"allow":["GET"]}}],"collection":[{"href":"https:\/\/www.mannaom.com\/cz\/wp-json\/wp\/v2\/pages"}],"about":[{"href":"https:\/\/www.mannaom.com\/cz\/wp-json\/wp\/v2\/types\/page"}],"author":[{"embeddable":true,"href":"https:\/\/www.mannaom.com\/cz\/wp-json\/wp\/v2\/users\/2"}],"replies":[{"embeddable":true,"href":"https:\/\/www.mannaom.com\/cz\/wp-json\/wp\/v2\/comments?post=2783"}],"version-history":[{"count":3,"href":"https:\/\/www.mannaom.com\/cz\/wp-json\/wp\/v2\/pages\/2783\/revisions"}],"predecessor-version":[{"id":3305,"href":"https:\/\/www.mannaom.com\/cz\/wp-json\/wp\/v2\/pages\/2783\/revisions\/3305"}],"wp:attachment":[{"href":"https:\/\/www.mannaom.com\/cz\/wp-json\/wp\/v2\/media?parent=2783"}],"curies":[{"name":"wp","href":"https:\/\/api.w.org\/{rel}","templated":true}]}}