{"id":2769,"date":"2021-07-16T07:10:59","date_gmt":"2021-07-16T07:10:59","guid":{"rendered":"https:\/\/www.mannaom.com\/gas-spring-with-welded-eyes-diameter-o10-21-up-to-1150n\/"},"modified":"2026-01-28T08:22:53","modified_gmt":"2026-01-28T08:22:53","slug":"plynove-vzpery-s-navarenym-okem-prumer-o10-22-mm-tlakovane-do-1250n","status":"publish","type":"page","link":"https:\/\/www.mannaom.com\/cz\/plynove-vzpery-s-navarenym-okem-prumer-o10-22-mm-tlakovane-do-1250n\/","title":{"rendered":"Plynov\u00e9 vzp\u011bry s nava\u0159en\u00fdm okem \u2013 pr\u016fm\u011br \u00f810-22 mm, tlakovan\u00e9 do 1250N"},"content":{"rendered":"","protected":false},"excerpt":{"rendered":"","protected":false},"author":2,"featured_media":0,"parent":0,"menu_order":0,"comment_status":"closed","ping_status":"closed","template":"","meta":{"footnotes":""},"class_list":["post-2769","page","type-page","status-publish","hentry"],"_links":{"self":[{"href":"https:\/\/www.mannaom.com\/cz\/wp-json\/wp\/v2\/pages\/2769","targetHints":{"allow":["GET"]}}],"collection":[{"href":"https:\/\/www.mannaom.com\/cz\/wp-json\/wp\/v2\/pages"}],"about":[{"href":"https:\/\/www.mannaom.com\/cz\/wp-json\/wp\/v2\/types\/page"}],"author":[{"embeddable":true,"href":"https:\/\/www.mannaom.com\/cz\/wp-json\/wp\/v2\/users\/2"}],"replies":[{"embeddable":true,"href":"https:\/\/www.mannaom.com\/cz\/wp-json\/wp\/v2\/comments?post=2769"}],"version-history":[{"count":3,"href":"https:\/\/www.mannaom.com\/cz\/wp-json\/wp\/v2\/pages\/2769\/revisions"}],"predecessor-version":[{"id":3292,"href":"https:\/\/www.mannaom.com\/cz\/wp-json\/wp\/v2\/pages\/2769\/revisions\/3292"}],"wp:attachment":[{"href":"https:\/\/www.mannaom.com\/cz\/wp-json\/wp\/v2\/media?parent=2769"}],"curies":[{"name":"wp","href":"https:\/\/api.w.org\/{rel}","templated":true}]}}